{"id":8318,"date":"2025-02-21T23:49:30","date_gmt":"2025-02-21T22:49:30","guid":{"rendered":"https:\/\/estudillimona.com\/pack-dhores\/"},"modified":"2025-02-21T23:49:31","modified_gmt":"2025-02-21T22:49:31","slug":"pack-dhores","status":"publish","type":"page","link":"https:\/\/estudillimona.com\/ca\/pack-dhores\/","title":{"rendered":"Pack d&#8217;hores"},"content":{"rendered":"<div class=\"wpb-content-wrapper\"><p>[vc_row full_width=&#8221;stretch_row&#8221; content_placement=&#8221;top&#8221; content_text_aligment=&#8221;left&#8221; css=&#8221;.vc_custom_1591120502711{background-position: center !important;background-repeat: no-repeat !important;background-size: cover !important;}&#8221; el_class=&#8221;fullwidth-padding-r-l fondo-amarillo gradient-1&#8243; el_id=&#8221;cabeceraPaginas&#8221;][vc_column css_animation=&#8221;fadeIn&#8221; offset=&#8221;vc_col-lg-offset-3 vc_col-lg-6 vc_col-md-offset-2 vc_col-md-8 vc_col-xs-12&#8243;]<h1 class=\"edgtf-custom-font-holder titulares edgtf-cf-9562  \" style=\"letter-spacing: -2.3px;text-align: left;margin: 0 0 0 0\" data-item-class=\"edgtf-cf-9562\" data-font-size-1024=\"43px\" data-font-size-768=\"43px\" data-font-size-680=\"40px\" data-line-height-1024=\"48px\" data-line-height-768=\"48px\" data-line-height-680=\"45px\">\n    <span class=\"edgtf-cf-title-outline\">Pack<\/span> <span class=\"edgtf-cf-title-outline\">d&#039;Hores:<\/span> <span class=\"edgtf-cf-title-outline\">Solucions<\/span> Web per a Ag\u00e8ncies de M\u00e0rqueting<\/h1><div class=\"edgtf-section-title-holder subtitle \" >\n\t<div class=\"edgtf-st-inner\">\n\t\t\t\t\t\t\t<h4 class=\"edgtf-st-title\" >\n\t\t\t\tR\u00e0pid, sense complicacions ia la teva mida.\t\t\t<\/h4>\n\t\t\t\t\t\t\t<\/div>\n<\/div>[vc_column_text el_class=&#8221;bloqueExplicativo txtbold&#8221;]<\/p>\n<h4>Tu crees estrat\u00e8gies de m\u00e0rqueting. Nosaltres ens encarreguem que les webs funcionin a la perfecci\u00f3. <\/h4>\n<p>[\/vc_column_text][vc_column_text el_class=&#8221;bloqueExplicativo&#8221;]Quan manegem campanyes, cada segon compte. Per\u00f2, qu\u00e8 passa quan una web falla o un client necessita ajustaments urgents? <\/p>\n<p>Aqu\u00ed \u00e9s on entra el nostre <strong>Pack d&#8217;Hores<\/strong> : una soluci\u00f3 flexible per resoldre incid\u00e8ncies t\u00e8cniques sense lligams ni subscripcions mensuals.[\/vc_column_text][\/vc_column][\/vc_row][vc_row equal_height=&#8221;yes&#8221; content_placement=&#8221;top&#8221; row_content_width=&#8221;grid&#8221; css=&#8221;.vc_custom_1739816020116{margin-top: 50px !important;padding-top: 50px !important;padding-bottom: 50px !important;}&#8221; el_class=&#8221;light fondo-oscuro&#8221;][vc_column width=&#8221;1\/2&#8243; offset=&#8221;vc_col-lg-offset-0 vc_col-lg-5 vc_col-md-offset-0 vc_col-md-4 vc_col-sm-offset-3 vc_col-xs-12&#8243; el_class=&#8221;cajaGris&#8221; css=&#8221;.vc_custom_1739902134644{padding-bottom: 50px !important;}&#8221;]<div class=\"edgtf-image-gallery  edgtf-ig-slider-type edgtf-three-columns edgtf-giant-space edgtf-has-right-custom-navigation  \">\n\t<div class=\"edgtf-ig-slider edgtf-owl-slider\" data-number-of-items=\"1\" data-enable-loop=\"yes\" data-enable-autoplay=\"yes\" data-slider-speed=\"5000\" data-slider-speed-animation=\"600\" data-slider-padding=\"no\" data-enable-navigation=\"yes\" data-enable-pagination=\"no\">\n\t\t\t\t\t<div class=\"edgtf-ig-image\">\n\t\t\t\t\t\t\t\t\t<img loading=\"lazy\" decoding=\"async\" width=\"1080\" height=\"1080\" src=\"https:\/\/estudillimona.com\/wp-content\/uploads\/2025\/02\/packhoras\u20134.png\" class=\"attachment-full size-full\" alt=\"\" srcset=\"https:\/\/estudillimona.com\/wp-content\/uploads\/2025\/02\/packhoras\u20134.png 1080w, https:\/\/estudillimona.com\/wp-content\/uploads\/2025\/02\/packhoras\u20134-300x300.png 300w, https:\/\/estudillimona.com\/wp-content\/uploads\/2025\/02\/packhoras\u20134-1024x1024.png 1024w, https:\/\/estudillimona.com\/wp-content\/uploads\/2025\/02\/packhoras\u20134-150x150.png 150w, https:\/\/estudillimona.com\/wp-content\/uploads\/2025\/02\/packhoras\u20134-768x768.png 768w, https:\/\/estudillimona.com\/wp-content\/uploads\/2025\/02\/packhoras\u20134-650x650.png 650w\" sizes=\"auto, (max-width: 1080px) 100vw, 1080px\" title=\"\">\t\t\t\t\t\t\t<\/div>\n\t\t\t\t\t<div class=\"edgtf-ig-image\">\n\t\t\t\t\t\t\t\t\t<img loading=\"lazy\" decoding=\"async\" width=\"1080\" height=\"1080\" src=\"https:\/\/estudillimona.com\/wp-content\/uploads\/2025\/02\/packhoras\u20135.png\" class=\"attachment-full size-full\" alt=\"\" srcset=\"https:\/\/estudillimona.com\/wp-content\/uploads\/2025\/02\/packhoras\u20135.png 1080w, https:\/\/estudillimona.com\/wp-content\/uploads\/2025\/02\/packhoras\u20135-300x300.png 300w, https:\/\/estudillimona.com\/wp-content\/uploads\/2025\/02\/packhoras\u20135-1024x1024.png 1024w, https:\/\/estudillimona.com\/wp-content\/uploads\/2025\/02\/packhoras\u20135-150x150.png 150w, https:\/\/estudillimona.com\/wp-content\/uploads\/2025\/02\/packhoras\u20135-768x768.png 768w, https:\/\/estudillimona.com\/wp-content\/uploads\/2025\/02\/packhoras\u20135-650x650.png 650w\" sizes=\"auto, (max-width: 1080px) 100vw, 1080px\" title=\"\">\t\t\t\t\t\t\t<\/div>\n\t\t\t\t\t<div class=\"edgtf-ig-image\">\n\t\t\t\t\t\t\t\t\t<img loading=\"lazy\" decoding=\"async\" width=\"1080\" height=\"1080\" src=\"https:\/\/estudillimona.com\/wp-content\/uploads\/2025\/02\/packhoras\u20136-w.png\" class=\"attachment-full size-full\" alt=\"\" srcset=\"https:\/\/estudillimona.com\/wp-content\/uploads\/2025\/02\/packhoras\u20136-w.png 1080w, https:\/\/estudillimona.com\/wp-content\/uploads\/2025\/02\/packhoras\u20136-w-300x300.png 300w, https:\/\/estudillimona.com\/wp-content\/uploads\/2025\/02\/packhoras\u20136-w-1024x1024.png 1024w, https:\/\/estudillimona.com\/wp-content\/uploads\/2025\/02\/packhoras\u20136-w-150x150.png 150w, https:\/\/estudillimona.com\/wp-content\/uploads\/2025\/02\/packhoras\u20136-w-768x768.png 768w, https:\/\/estudillimona.com\/wp-content\/uploads\/2025\/02\/packhoras\u20136-w-650x650.png 650w\" sizes=\"auto, (max-width: 1080px) 100vw, 1080px\" title=\"\">\t\t\t\t\t\t\t<\/div>\n\t\t\t<\/div>\n<\/div>[\/vc_column][vc_column css=&#8221;.vc_custom_1739822965790{padding-top: 0px !important;padding-bottom: 0px !important;background-position: center !important;background-repeat: no-repeat !important;background-size: contain !important;}&#8221; offset=&#8221;vc_col-lg-7 vc_col-md-8 vc_col-xs-12&#8243;]<div class=\"edgtf-section-title-holder servicios-titulo \" >\n\t<div class=\"edgtf-st-inner\">\n\t\t\t\t\t\t\t<h2 class=\"edgtf-st-title\" >\n\t\t\t\tQu\u00e8 inclou el Pack d&#039;Hores?\t\t\t<\/h2>\n\t\t\t\t\t\t\t<\/div>\n<\/div>[vc_empty_space height=&#8221;43px&#8221;][vc_column_text]\u2714\ufe0f <strong>Correcci\u00f3 d&#8217;errors i bugs<\/strong> (pantalles trencades, enlla\u00e7os que no funcionen, problemes de visualitzaci\u00f3, etc.)<br \/>\n \u2714\ufe0f <strong>Optimitzaci\u00f3 de velocitat i rendiment<\/strong> per millorar l&#8217;experi\u00e8ncia de l&#8217;usuari<br \/>\n \u2714\ufe0f <strong>Ajustaments i millores en el disseny<\/strong> o funcionalitat de la web<br \/>\n \u2714\ufe0f <strong>Suport a WordPress, Drupal, Prestashop o webs a mida<\/strong> per solucionar qualsevol incid\u00e8ncia t\u00e8cnica<br \/>\n \u2714\ufe0f <strong>Actualitzacions puntuals<\/strong> sense afectar el disseny ni l&#8217;estrat\u00e8gia<\/p>\n<p> \u26a1 <strong>Sense contractes fixos, uses les hores quan ho necessitis<\/strong> .[\/vc_column_text][\/vc_column][\/vc_row][vc_row equal_height=&#8221;yes&#8221; content_placement=&#8221;top&#8221; row_content_width=&#8221;grid&#8221; css=&#8221;.vc_custom_1739823172869{margin-top: 50px !important;padding-top: 50px !important;padding-bottom: 50px !important;}&#8221;][vc_column width=&#8221;1\/2&#8243; offset=&#8221;vc_col-lg-offset-0 vc_col-lg-5 vc_col-md-offset-0 vc_col-md-4 vc_col-sm-offset-3 vc_col-xs-12&#8243; el_class=&#8221;cajaGris&#8221; css=&#8221;.vc_custom_1739902148759{padding-bottom: 50px !important;}&#8221;]<div class=\"edgtf-image-gallery  edgtf-ig-slider-type edgtf-three-columns edgtf-giant-space edgtf-has-right-custom-navigation  \">\n\t<div class=\"edgtf-ig-slider edgtf-owl-slider\" data-number-of-items=\"1\" data-enable-loop=\"yes\" data-enable-autoplay=\"no\" data-slider-speed=\"5000\" data-slider-speed-animation=\"600\" data-slider-padding=\"no\" data-enable-navigation=\"yes\" data-enable-pagination=\"no\">\n\t\t\t\t\t<div class=\"edgtf-ig-image\">\n\t\t\t\t\t\t\t\t\t<img loading=\"lazy\" decoding=\"async\" width=\"1080\" height=\"1080\" src=\"https:\/\/estudillimona.com\/wp-content\/uploads\/2025\/02\/packhoras-agenicas-1.png\" class=\"attachment-full size-full\" alt=\"Pack horas agencias\" srcset=\"https:\/\/estudillimona.com\/wp-content\/uploads\/2025\/02\/packhoras-agenicas-1.png 1080w, https:\/\/estudillimona.com\/wp-content\/uploads\/2025\/02\/packhoras-agenicas-1-300x300.png 300w, https:\/\/estudillimona.com\/wp-content\/uploads\/2025\/02\/packhoras-agenicas-1-1024x1024.png 1024w, https:\/\/estudillimona.com\/wp-content\/uploads\/2025\/02\/packhoras-agenicas-1-150x150.png 150w, https:\/\/estudillimona.com\/wp-content\/uploads\/2025\/02\/packhoras-agenicas-1-768x768.png 768w, https:\/\/estudillimona.com\/wp-content\/uploads\/2025\/02\/packhoras-agenicas-1-650x650.png 650w\" sizes=\"auto, (max-width: 1080px) 100vw, 1080px\" title=\"\">\t\t\t\t\t\t\t<\/div>\n\t\t\t\t\t<div class=\"edgtf-ig-image\">\n\t\t\t\t\t\t\t\t\t<img loading=\"lazy\" decoding=\"async\" width=\"1080\" height=\"1080\" src=\"https:\/\/estudillimona.com\/wp-content\/uploads\/2025\/02\/packhoras\u20138.png\" class=\"attachment-full size-full\" alt=\"\" srcset=\"https:\/\/estudillimona.com\/wp-content\/uploads\/2025\/02\/packhoras\u20138.png 1080w, https:\/\/estudillimona.com\/wp-content\/uploads\/2025\/02\/packhoras\u20138-300x300.png 300w, https:\/\/estudillimona.com\/wp-content\/uploads\/2025\/02\/packhoras\u20138-1024x1024.png 1024w, https:\/\/estudillimona.com\/wp-content\/uploads\/2025\/02\/packhoras\u20138-150x150.png 150w, https:\/\/estudillimona.com\/wp-content\/uploads\/2025\/02\/packhoras\u20138-768x768.png 768w, https:\/\/estudillimona.com\/wp-content\/uploads\/2025\/02\/packhoras\u20138-650x650.png 650w\" sizes=\"auto, (max-width: 1080px) 100vw, 1080px\" title=\"\">\t\t\t\t\t\t\t<\/div>\n\t\t\t\t\t<div class=\"edgtf-ig-image\">\n\t\t\t\t\t\t\t\t\t<img loading=\"lazy\" decoding=\"async\" width=\"1080\" height=\"1080\" src=\"https:\/\/estudillimona.com\/wp-content\/uploads\/2025\/02\/packhoras\u20139-Y.png\" class=\"attachment-full size-full\" alt=\"\" srcset=\"https:\/\/estudillimona.com\/wp-content\/uploads\/2025\/02\/packhoras\u20139-Y.png 1080w, https:\/\/estudillimona.com\/wp-content\/uploads\/2025\/02\/packhoras\u20139-Y-300x300.png 300w, https:\/\/estudillimona.com\/wp-content\/uploads\/2025\/02\/packhoras\u20139-Y-1024x1024.png 1024w, https:\/\/estudillimona.com\/wp-content\/uploads\/2025\/02\/packhoras\u20139-Y-150x150.png 150w, https:\/\/estudillimona.com\/wp-content\/uploads\/2025\/02\/packhoras\u20139-Y-768x768.png 768w, https:\/\/estudillimona.com\/wp-content\/uploads\/2025\/02\/packhoras\u20139-Y-650x650.png 650w\" sizes=\"auto, (max-width: 1080px) 100vw, 1080px\" title=\"\">\t\t\t\t\t\t\t<\/div>\n\t\t\t<\/div>\n<\/div>[\/vc_column][vc_column css=&#8221;.vc_custom_1739822965790{padding-top: 0px !important;padding-bottom: 0px !important;background-position: center !important;background-repeat: no-repeat !important;background-size: contain !important;}&#8221; offset=&#8221;vc_col-lg-7 vc_col-md-8 vc_col-xs-12&#8243;]<div class=\"edgtf-section-title-holder servicios-titulo \" >\n\t<div class=\"edgtf-st-inner\">\n\t\t\t\t\t<h5 class=\"edgtf-st-tagline\" >\n\t\t\t\tAg\u00e8ncies de m\u00e0rqueting\t\t\t<\/h5>\n\t\t\t\t\t\t\t<h2 class=\"edgtf-st-title\" >\n\t\t\t\tPer a qui \u00e9s aquest servei?\t\t\t<\/h2>\n\t\t\t\t\t\t\t<\/div>\n<\/div>[vc_empty_space height=&#8221;43px&#8221;][vc_column_text]<\/p>\n<p data-start=\"1333\" data-end=\"1546\">\ud83d\udd39 Ag\u00e8ncies de m\u00e0rqueting i branding que gestionen webs de clients<br data-start=\"1399\" data-end=\"1402\"> \ud83d\udd39 Consultors de m\u00e0rqueting digital que necessiten suport t\u00e8cnic puntual<br data-start=\"1475\" data-end=\"1478\"> \ud83d\udd39 Freelancers que no volen perdre temps amb problemes t\u00e8cnics<\/p>\n<p data-start=\"1548\" data-end=\"1670\">Si la vostra ag\u00e8ncia necessita assegurar-se que les webs dels seus clients funcionen sense problemes, <strong data-start=\"1639\" data-end=\"1668\">aquest servei \u00e9s per a tu.<\/strong><\/p>\n<p>[\/vc_column_text][\/vc_column][\/vc_row][vc_row equal_height=&#8221;yes&#8221; content_placement=&#8221;top&#8221; row_content_width=&#8221;grid&#8221; css=&#8221;.vc_custom_1739816020116{margin-top: 50px !important;padding-top: 50px !important;padding-bottom: 50px !important;}&#8221; el_class=&#8221;light fondo-oscuro&#8221;][vc_column width=&#8221;1\/2&#8243; offset=&#8221;vc_col-lg-offset-0 vc_col-lg-5 vc_col-md-offset-0 vc_col-md-4 vc_col-sm-offset-3 vc_col-xs-12&#8243; el_class=&#8221;cajaGris&#8221; css=&#8221;.vc_custom_1739902158946{padding-bottom: 50px !important;}&#8221;]<div class=\"edgtf-image-gallery  edgtf-ig-slider-type edgtf-three-columns edgtf-giant-space edgtf-has-right-custom-navigation  \">\n\t<div class=\"edgtf-ig-slider edgtf-owl-slider\" data-number-of-items=\"1\" data-enable-loop=\"yes\" data-enable-autoplay=\"no\" data-slider-speed=\"5000\" data-slider-speed-animation=\"600\" data-slider-padding=\"no\" data-enable-navigation=\"yes\" data-enable-pagination=\"no\">\n\t\t\t\t\t<div class=\"edgtf-ig-image\">\n\t\t\t\t\t\t\t\t\t<img loading=\"lazy\" decoding=\"async\" width=\"1080\" height=\"1080\" src=\"https:\/\/estudillimona.com\/wp-content\/uploads\/2025\/02\/packhoras-\u2013-3.png\" class=\"attachment-full size-full\" alt=\"\" srcset=\"https:\/\/estudillimona.com\/wp-content\/uploads\/2025\/02\/packhoras-\u2013-3.png 1080w, https:\/\/estudillimona.com\/wp-content\/uploads\/2025\/02\/packhoras-\u2013-3-300x300.png 300w, https:\/\/estudillimona.com\/wp-content\/uploads\/2025\/02\/packhoras-\u2013-3-1024x1024.png 1024w, https:\/\/estudillimona.com\/wp-content\/uploads\/2025\/02\/packhoras-\u2013-3-150x150.png 150w, https:\/\/estudillimona.com\/wp-content\/uploads\/2025\/02\/packhoras-\u2013-3-768x768.png 768w, https:\/\/estudillimona.com\/wp-content\/uploads\/2025\/02\/packhoras-\u2013-3-650x650.png 650w\" sizes=\"auto, (max-width: 1080px) 100vw, 1080px\" title=\"\">\t\t\t\t\t\t\t<\/div>\n\t\t\t\t\t<div class=\"edgtf-ig-image\">\n\t\t\t\t\t\t\t\t\t<img loading=\"lazy\" decoding=\"async\" width=\"1080\" height=\"1080\" src=\"https:\/\/estudillimona.com\/wp-content\/uploads\/2025\/02\/packhoras\u201310.png\" class=\"attachment-full size-full\" alt=\"\" srcset=\"https:\/\/estudillimona.com\/wp-content\/uploads\/2025\/02\/packhoras\u201310.png 1080w, https:\/\/estudillimona.com\/wp-content\/uploads\/2025\/02\/packhoras\u201310-300x300.png 300w, https:\/\/estudillimona.com\/wp-content\/uploads\/2025\/02\/packhoras\u201310-1024x1024.png 1024w, https:\/\/estudillimona.com\/wp-content\/uploads\/2025\/02\/packhoras\u201310-150x150.png 150w, https:\/\/estudillimona.com\/wp-content\/uploads\/2025\/02\/packhoras\u201310-768x768.png 768w, https:\/\/estudillimona.com\/wp-content\/uploads\/2025\/02\/packhoras\u201310-650x650.png 650w\" sizes=\"auto, (max-width: 1080px) 100vw, 1080px\" title=\"\">\t\t\t\t\t\t\t<\/div>\n\t\t\t\t\t<div class=\"edgtf-ig-image\">\n\t\t\t\t\t\t\t\t\t<img loading=\"lazy\" decoding=\"async\" width=\"1080\" height=\"1080\" src=\"https:\/\/estudillimona.com\/wp-content\/uploads\/2025\/02\/packhoras\u20137.png\" class=\"attachment-full size-full\" alt=\"\" srcset=\"https:\/\/estudillimona.com\/wp-content\/uploads\/2025\/02\/packhoras\u20137.png 1080w, https:\/\/estudillimona.com\/wp-content\/uploads\/2025\/02\/packhoras\u20137-300x300.png 300w, https:\/\/estudillimona.com\/wp-content\/uploads\/2025\/02\/packhoras\u20137-1024x1024.png 1024w, https:\/\/estudillimona.com\/wp-content\/uploads\/2025\/02\/packhoras\u20137-150x150.png 150w, https:\/\/estudillimona.com\/wp-content\/uploads\/2025\/02\/packhoras\u20137-768x768.png 768w, https:\/\/estudillimona.com\/wp-content\/uploads\/2025\/02\/packhoras\u20137-650x650.png 650w\" sizes=\"auto, (max-width: 1080px) 100vw, 1080px\" title=\"\">\t\t\t\t\t\t\t<\/div>\n\t\t\t<\/div>\n<\/div>[\/vc_column][vc_column css=&#8221;.vc_custom_1739822965790{padding-top: 0px !important;padding-bottom: 0px !important;background-position: center !important;background-repeat: no-repeat !important;background-size: contain !important;}&#8221; offset=&#8221;vc_col-lg-7 vc_col-md-8 vc_col-xs-12&#8243;]<div class=\"edgtf-section-title-holder contacto-titulo \" >\n\t<div class=\"edgtf-st-inner\">\n\t\t\t\t\t\t\t<h3 class=\"edgtf-st-title\" >\n\t\t\t\tCom funciona?\t\t\t<\/h3>\n\t\t\t\t\t\t\t<\/div>\n<\/div>[vc_empty_space height=&#8221;43px&#8221;][vc_column_text]1\ufe0f\u20e3 <strong>Adquireix el teu Pack d&#8217;Hores<\/strong> (10 hores o m\u00e9s)<br \/>\n 2\ufe0f\u20e3 <strong>Sol\u00b7licita la tasca o incid\u00e8ncia a resoldre<\/strong><br \/>\n 3\ufe0f\u20e3 <strong>Ens encarreguem i t&#8217;avisem quan estigui llest<\/strong><\/p>\n<p> \ud83d\udccc <strong>Transpar\u00e8ncia total:<\/strong> Nom\u00e9s consumim les hores necess\u00e0ries i us informem en tot moment.[\/vc_column_text][\/vc_column][\/vc_row][vc_row equal_height=&#8221;yes&#8221; content_placement=&#8221;top&#8221; row_content_width=&#8221;grid&#8221; css=&#8221;.vc_custom_1617054623507{margin-top: 50px !important;padding-top: 50px !important;padding-bottom: 50px !important;}&#8221;][vc_column offset=&#8221;vc_col-lg-5 vc_col-md-6 vc_hidden-md&#8221; el_class=&#8221;cajaGris&#8221;][\/vc_column][vc_column css=&#8221;.vc_custom_1739818101518{padding-top: 0px !important;padding-bottom: 0px !important;background-position: center !important;background-repeat: no-repeat !important;background-size: contain !important;}&#8221; offset=&#8221;vc_col-lg-7 vc_col-md-12&#8243;]<div class=\"edgtf-section-title-holder servicios-titulo \" >\n\t<div class=\"edgtf-st-inner\">\n\t\t\t\t\t\t\t<h2 class=\"edgtf-st-title\" >\n\t\t\t\tPacks de desenvolupament\t\t\t<\/h2>\n\t\t\t\t\t\t\t<\/div>\n<\/div>[vc_column_text]<strong>Pack de 10 hores<\/strong> 550 \u20ac[\/vc_column_text][\/vc_column][\/vc_row][vc_row equal_height=&#8221;yes&#8221; content_placement=&#8221;top&#8221; row_content_width=&#8221;grid&#8221; css=&#8221;.vc_custom_1739817053152{padding-bottom: 50px !important;}&#8221;][vc_column offset=&#8221;vc_col-lg-5 vc_col-md-12&#8243; el_class=&#8221;cajaGris&#8221;]<div class=\"edgtf-section-title-holder titulo2 \" >\n\t<div class=\"edgtf-st-inner\">\n\t\t\t\t\t\t\t<h3 class=\"edgtf-st-title\" >\n\t\t\t\tEscriu-nos i de seguida et responem\t\t\t<\/h3>\n\t\t\t\t\t\t\t<\/div>\n<\/div>[vc_empty_space height=&#8221;43px&#8221;][\/vc_column][vc_column css=&#8221;.vc_custom_1739817993474{padding-top: 0px !important;padding-bottom: 0px !important;background-position: center !important;background-repeat: no-repeat !important;background-size: contain !important;}&#8221; offset=&#8221;vc_col-lg-7 vc_col-md-12&#8243;]\n<div class=\"wpcf7 no-js\" id=\"wpcf7-f8353-o1\" lang=\"ca\" dir=\"ltr\" data-wpcf7-id=\"8353\">\n<div class=\"screen-reader-response\"><p role=\"status\" aria-live=\"polite\" aria-atomic=\"true\"><\/p> <ul><\/ul><\/div>\n<form action=\"\/ca\/wp-json\/wp\/v2\/pages\/8318#wpcf7-f8353-o1\" method=\"post\" class=\"wpcf7-form init\" aria-label=\"Formulari de contacte\" novalidate=\"novalidate\" data-status=\"init\">\n<fieldset class=\"hidden-fields-container\"><input type=\"hidden\" name=\"_wpcf7\" value=\"8353\" \/><input type=\"hidden\" name=\"_wpcf7_version\" value=\"6.1.5\" \/><input type=\"hidden\" name=\"_wpcf7_locale\" value=\"ca\" \/><input type=\"hidden\" name=\"_wpcf7_unit_tag\" value=\"wpcf7-f8353-o1\" \/><input type=\"hidden\" name=\"_wpcf7_container_post\" value=\"0\" \/><input type=\"hidden\" name=\"_wpcf7_posted_data_hash\" value=\"\" \/><input type=\"hidden\" name=\"_wpcf7_recaptcha_response\" value=\"\" \/>\n<\/fieldset>\n<div class=\"edgtf-cf-custom-style\">\n<div class=\"vc_row\">\n<div class=\"vc_col-lg-6\"><span class=\"wpcf7-form-control-wrap\" data-name=\"your-name\"><input size=\"40\" maxlength=\"400\" class=\"wpcf7-form-control wpcf7-text wpcf7-validates-as-required\" aria-required=\"true\" aria-invalid=\"false\" placeholder=\"Nom responsable*\" value=\"\" type=\"text\" name=\"your-name\" \/><\/span><\/div>\n<div class=\"vc_col-lg-6\"><span class=\"wpcf7-form-control-wrap\" data-name=\"empresa\"><input size=\"40\" maxlength=\"400\" class=\"wpcf7-form-control wpcf7-text\" aria-invalid=\"false\" placeholder=\"Empresa\" value=\"\" type=\"text\" name=\"empresa\" \/><\/span><\/div>\n<\/div>\n<span class=\"wpcf7-form-control-wrap\" data-name=\"your-email\"><input size=\"40\" maxlength=\"400\" class=\"wpcf7-form-control wpcf7-email wpcf7-validates-as-required wpcf7-text wpcf7-validates-as-email\" aria-required=\"true\" aria-invalid=\"false\" placeholder=\"e-mail*\" value=\"\" type=\"email\" name=\"your-email\" \/><\/span>\n<strong>Quins tipus d'ag\u00e8ncia ets?<\/strong>\n<span class=\"wpcf7-form-control-wrap\" data-name=\"tipo-empresa\"><span class=\"wpcf7-form-control wpcf7-radio\"><span class=\"wpcf7-list-item first\"><label><input type=\"radio\" name=\"tipo-empresa\" value=\"Ag\u00e8ncia de m\u00e0rqueting i branding\" \/><span class=\"wpcf7-list-item-label\">Ag\u00e8ncia de m\u00e0rqueting i branding<\/span><\/label><\/span><span class=\"wpcf7-list-item\"><label><input type=\"radio\" name=\"tipo-empresa\" value=\"Consultors de m\u00e0rqueting digital\" \/><span class=\"wpcf7-list-item-label\">Consultors de m\u00e0rqueting digital<\/span><\/label><\/span><span class=\"wpcf7-list-item\"><label><input type=\"radio\" name=\"tipo-empresa\" value=\"Freelancer\" \/><span class=\"wpcf7-list-item-label\">Freelancer<\/span><\/label><\/span><span class=\"wpcf7-list-item last\"><label><input type=\"radio\" name=\"tipo-empresa\" value=\"Altres...\" \/><span class=\"wpcf7-list-item-label\">Altres...<\/span><\/label><\/span><\/span><\/span>\n<span class=\"wpcf7-form-control-wrap\" data-name=\"your-message\"><textarea cols=\"40\" rows=\"7\" maxlength=\"2000\" class=\"wpcf7-form-control wpcf7-textarea\" aria-invalid=\"false\" placeholder=\"Missatge\" name=\"your-message\"><\/textarea><\/span>\n<span class=\"wpcf7-form-control-wrap\" data-name=\"acceptance-496\"><span class=\"wpcf7-form-control wpcf7-acceptance optional\"><span class=\"wpcf7-list-item\"><label><input type=\"checkbox\" name=\"acceptance-496\" value=\"1\" aria-invalid=\"false\" \/><span class=\"wpcf7-list-item-label\">He llegit i accepto la <a href=\"\/politica-privacidad\" target=\"_blank\">pol\u00edtica de privadesa<\/a><\/span><\/label><\/span><\/span><\/span>\n<div class=\"edgtf-cf-custom-style-btn\"><input class=\"wpcf7-form-control wpcf7-submit has-spinner\" type=\"submit\" value=\"Enviar\" \/><\/div><\/div><div class=\"wpcf7-response-output\" aria-hidden=\"true\"><\/div>\n<\/form>\n<\/div>\n[\/vc_column][\/vc_row]<\/p>\n<\/div>","protected":false},"excerpt":{"rendered":"<p>[vc_row full_width=&#8221;stretch_row&#8221; content_placement=&#8221;top&#8221; content_text_aligment=&#8221;left&#8221; css=&#8221;.vc_custom_1591120502711{background-position: center !important;background-repeat: no-repeat !important;background-size: cover !important;}&#8221; el_class=&#8221;fullwidth-padding-r-l fondo-amarillo gradient-1&#8243; el_id=&#8221;cabeceraPaginas&#8221;][vc_column css_animation=&#8221;fadeIn&#8221; offset=&#8221;vc_col-lg-offset-3 vc_col-lg-6 vc_col-md-offset-2 vc_col-md-8 vc_col-xs-12&#8243;][vc_column_text el_class=&#8221;bloqueExplicativo txtbold&#8221;] Tu crees estrat\u00e8gies de m\u00e0rqueting. Nosaltres ens encarreguem que les webs funcionin a la perfecci\u00f3. [\/vc_column_text][vc_column_text el_class=&#8221;bloqueExplicativo&#8221;]Quan manegem campanyes, cada segon compte. Per\u00f2, qu\u00e8 passa quan una web falla o un client [&hellip;]<\/p>\n","protected":false},"author":1,"featured_media":0,"parent":0,"menu_order":16,"comment_status":"closed","ping_status":"closed","template":"","meta":{"inline_featured_image":false,"footnotes":""},"class_list":["post-8318","page","type-page","status-publish","hentry"],"jetpack_sharing_enabled":true,"_links":{"self":[{"href":"https:\/\/estudillimona.com\/ca\/wp-json\/wp\/v2\/pages\/8318","targetHints":{"allow":["GET"]}}],"collection":[{"href":"https:\/\/estudillimona.com\/ca\/wp-json\/wp\/v2\/pages"}],"about":[{"href":"https:\/\/estudillimona.com\/ca\/wp-json\/wp\/v2\/types\/page"}],"author":[{"embeddable":true,"href":"https:\/\/estudillimona.com\/ca\/wp-json\/wp\/v2\/users\/1"}],"replies":[{"embeddable":true,"href":"https:\/\/estudillimona.com\/ca\/wp-json\/wp\/v2\/comments?post=8318"}],"version-history":[{"count":2,"href":"https:\/\/estudillimona.com\/ca\/wp-json\/wp\/v2\/pages\/8318\/revisions"}],"predecessor-version":[{"id":8322,"href":"https:\/\/estudillimona.com\/ca\/wp-json\/wp\/v2\/pages\/8318\/revisions\/8322"}],"wp:attachment":[{"href":"https:\/\/estudillimona.com\/ca\/wp-json\/wp\/v2\/media?parent=8318"}],"curies":[{"name":"wp","href":"https:\/\/api.w.org\/{rel}","templated":true}]}}