{"id":223,"date":"2016-03-08T12:20:07","date_gmt":"2016-03-08T12:20:07","guid":{"rendered":"http:\/\/estudillimona.com\/cursos\/wordpress\/?page_id=223"},"modified":"2026-01-12T11:59:16","modified_gmt":"2026-01-12T10:59:16","slug":"curso-wordpress-tienda-online","status":"publish","type":"page","link":"https:\/\/estudillimona.com\/cursos\/wordpress\/curso-wordpress-tienda-online\/","title":{"rendered":"2\u2013 Programa Tienda Online woocommerce"},"content":{"rendered":"\n<div class=\"wp-block-cover alignfull is-light has-black-color has-text-color\" style=\"margin-top:0;padding-top:48px;padding-right:48px;padding-bottom:48px;padding-left:48px;min-height:66vh;aspect-ratio:unset;\"><span aria-hidden=\"true\" class=\"wp-block-cover__background has-accent-background-color has-background-dim-0 has-background-dim\"><\/span><div class=\"wp-block-cover__inner-container is-layout-flow wp-block-cover-is-layout-flow\">\n<div class=\"wp-block-group has-contrast-3-color has-text-color has-link-color wp-elements-1efd09aaf24bf5b76fea016a255b93a8 has-global-padding is-layout-constrained wp-container-core-group-is-layout-0706a3ea wp-block-group-is-layout-constrained\">\n<p class=\"has-text-align-left has-gloock-font-family\" style=\"font-size:clamp(46.18px, 2.886rem + ((1vw - 3.2px) * 4.565), 90px);font-style:normal;font-weight:400;letter-spacing:0px;line-height:1\">2\u2013 Curso WooCommerce<\/p>\n\n\n\n<p class=\"has-text-align-right has-gloock-font-family\" style=\"font-size:clamp(46.18px, 2.886rem + ((1vw - 3.2px) * 4.565), 90px);font-style:normal;font-weight:400;letter-spacing:0px;line-height:1.2\"><mark style=\"background-color:#fff04f\" class=\"has-inline-color has-contrast-color\">Tienda Online<\/mark><\/p>\n\n\n\n<p class=\"has-text-align-center has-contrast-3-color has-text-color has-inter-font-family\" style=\"font-size:clamp(37.821px, 2.364rem + ((1vw - 3.2px) * 3.352), 70px);font-style:normal;font-weight:100;letter-spacing:0px;line-height:1.1\">\u2014Febrero\/Marzo 2026<\/p>\n<\/div>\n<\/div><\/div>\n\n\n\n<div class=\"wp-block-group alignfull has-contrast-3-color has-accent-background-color has-text-color has-background has-link-color wp-elements-dcba5b4f7d30d234fb94b782bfa5e0cb has-global-padding is-content-justification-center is-layout-constrained wp-container-core-group-is-layout-b72d8abb wp-block-group-is-layout-constrained\" style=\"padding-top:var(--wp--preset--spacing--50);padding-bottom:var(--wp--preset--spacing--50)\">\n<p><\/p>\n\n\n\n<h2 class=\"wp-block-heading alignwide\" id=\"we-re-a-studio-in-berlin-with-an-international-practice-in-architecture-urban-planning-and-interior-design-we-believe-in-sharing-knowledge-and-promoting-dialogue-to-increase-the-creative-potential-of-collaboration\" style=\"margin-top:var(--wp--preset--spacing--50);margin-bottom:var(--wp--preset--spacing--50);font-size:clamp(27.894px, 1.743rem + ((1vw - 3.2px) * 2.094), 48px);line-height:1.1\">Aprender\u00e1s a hacer una tienda online sencilla, con todo preparado para poder vender, enviar productos y generar facturas.<\/h2>\n\n\n\n<div style=\"height:38px\" aria-hidden=\"true\" class=\"wp-block-spacer\"><\/div>\n\n\n\n<div class=\"wp-block-group has-global-padding is-layout-constrained wp-container-core-group-is-layout-a2f950f4 wp-block-group-is-layout-constrained\">\n<p class=\"has-inter-font-family\">En este <strong>curso<\/strong>&nbsp;de <strong>WordPress<\/strong> que impartiremos en C\u00f3modo&amp;Co Arxiduc, Palma,&nbsp;se trabajar\u00e1 sobre c\u00f3mo montar una<strong> tienda online<\/strong> utilizando <strong>WooCommerce<\/strong>. Podr\u00e1s vender tus productos utilizando <strong>PayPal<\/strong> o tarjetas de cr\u00e9dito a trav\u00e9s de Stripe.<\/p>\n\n\n\n<p class=\"has-inter-font-family\"><strong>Dirigido <\/strong>a <strong>profesionales y\/o particulares<\/strong> que quieran aprender a hacer una <strong>tienda online<\/strong> y <strong>vender<\/strong> sus productos en la web.<\/p>\n<\/div>\n<\/div>\n\n\n\n<div class=\"wp-block-group alignfull has-contrast-3-color has-contrast-background-color has-text-color has-background has-link-color wp-elements-f05d37d884411ad420d515773cb25798 has-global-padding is-layout-constrained wp-container-core-group-is-layout-669513ed wp-block-group-is-layout-constrained\" style=\"margin-top:0;margin-bottom:0;padding-top:var(--wp--preset--spacing--50);padding-right:var(--wp--preset--spacing--50);padding-bottom:var(--wp--preset--spacing--50);padding-left:var(--wp--preset--spacing--50)\">\n<div class=\"wp-block-columns alignwide is-layout-flex wp-container-core-columns-is-layout-90bf361f wp-block-columns-is-layout-flex\">\n<div class=\"wp-block-column is-vertically-aligned-stretch is-layout-flow wp-block-column-is-layout-flow\" style=\"--col-width:30%;flex-basis:30%\">\n<div class=\"wp-block-group is-vertical is-content-justification-right is-layout-flex wp-container-core-group-is-layout-7fa8133f wp-block-group-is-layout-flex\" style=\"min-height:100%\">\n<h2 class=\"wp-block-heading has-text-align-right has-contrast-3-color has-text-color has-link-color wp-elements-5ab5a85ba69679bf9262f7a330e24ad6\" style=\"margin-right:0;margin-left:calc( var(--wp--preset--spacing--20) * -1);font-size:clamp(5.174rem, 5.174rem + ((1vw - 0.2rem) * 11.377), 12rem);line-height:1;writing-mode:vertical-rl\">Temario<\/h2>\n<\/div>\n<\/div>\n\n\n\n<div class=\"wp-block-column is-vertically-aligned-top is-layout-flow wp-block-column-is-layout-flow\" style=\"--col-width:70%;flex-basis:70%\">\n<h4 class=\"wp-block-heading\">M\u00f3dulo 1: Instalaci\u00f3n y configuraci\u00f3n inicial<\/h4>\n\n\n\n<p>1.1 \u2013 Por qu\u00e9 elegir WordPress y WooCommerce para tu tienda online<br>1.2 \u2013 Configuraci\u00f3n de servidor y dominio<br>1.3 \u2013 Instalaci\u00f3n de WordPress y del certificado SSL<br>1.4 \u2013 Configuraciones b\u00e1sicas iniciales del sitio<br>1.5 \u2013 Ajustes generales de WooCommerce (moneda, impuestos, zona de env\u00edo, etc.)<\/p>\n\n\n\n<hr class=\"wp-block-separator has-alpha-channel-opacity\"\/>\n\n\n\n<h4 class=\"wp-block-heading\">M\u00f3dulo 2: Planificaci\u00f3n y arquitectura de la tienda<\/h4>\n\n\n\n<p>2.1 \u2013 Ordenar y estructurar el cat\u00e1logo de productos<br>2.2 \u2013 Creaci\u00f3n de un mockup de la tienda online<br>2.3 \u2013 Configuraci\u00f3n de enlaces permanentes y estructura SEO b\u00e1sica<\/p>\n\n\n\n<hr class=\"wp-block-separator has-alpha-channel-opacity\"\/>\n\n\n\n<h4 class=\"wp-block-heading\">M\u00f3dulo 3: Temas y personalizaci\u00f3n<\/h4>\n\n\n\n<p>3.1 \u2013 Selecci\u00f3n e instalaci\u00f3n de temas compatibles con WooCommerce<br>3.2 \u2013 Creaci\u00f3n e instalaci\u00f3n de un child theme<br>3.3 \u2013 Personalizaci\u00f3n con Gutenberg: colores, estructura y dise\u00f1o de p\u00e1ginas<br>3.4 \u2013 Gesti\u00f3n de men\u00fas, cabecera y pie de p\u00e1gina<br>3.5 \u2013 Widgets y bloques \u00fatiles para tiendas online<\/p>\n\n\n\n<hr class=\"wp-block-separator has-alpha-channel-opacity\"\/>\n\n\n\n<h4 class=\"wp-block-heading\">M\u00f3dulo 4: WooCommerce en detalle<\/h4>\n\n\n\n<p>4.1 \u2013 Instalaci\u00f3n y configuraci\u00f3n de WooCommerce paso a paso<br>4.2 \u2013 Creaci\u00f3n y gesti\u00f3n de productos simples y variables<br>4.3 \u2013 Gesti\u00f3n de inventario y atributos de productos<br>4.4 \u2013 Configuraci\u00f3n de m\u00e9todos de pago (tarjeta, PayPal, transferencias\u2026)<br>4.5 \u2013 Configuraci\u00f3n de env\u00edos (zonas, tarifas, transportistas)<br>4.6 \u2013 Gesti\u00f3n de impuestos en WooCommerce<\/p>\n\n\n\n<hr class=\"wp-block-separator has-alpha-channel-opacity\"\/>\n\n\n\n<h4 class=\"wp-block-heading\">M\u00f3dulo 5: Plugins y funcionalidades esenciales<\/h4>\n\n\n\n<p>5.1 \u2013 Plugins imprescindibles para tiendas online<br>5.2 \u2013 Formularios de contacto y atenci\u00f3n al cliente<br>5.3 \u2013 Integraci\u00f3n con pasarelas de pago adicionales<br>5.4 \u2013 Plugins para optimizaci\u00f3n de rendimiento y seguridad<\/p>\n\n\n\n<hr class=\"wp-block-separator has-alpha-channel-opacity\"\/>\n\n\n\n<h4 class=\"wp-block-heading\">M\u00f3dulo 6: Optimizaci\u00f3n y posicionamiento SEO<\/h4>\n\n\n\n<p>6.1 \u2013 SEO para productos y categor\u00edas<br>6.2 \u2013 Estrategias de enlaces internos en ecommerce<br>6.3 \u2013 Textos legales obligatorios (aviso legal, pol\u00edtica de privacidad, cookies, condiciones de compra)<br>6.4 \u2013 Optimizaci\u00f3n de velocidad de la tienda<\/p>\n\n\n\n<hr class=\"wp-block-separator has-alpha-channel-opacity\"\/>\n\n\n\n<h4 class=\"wp-block-heading\">M\u00f3dulo 7: Administraci\u00f3n y mantenimiento<\/h4>\n\n\n\n<p>7.1 \u2013 Actualizaci\u00f3n de WordPress, plugins y temas<br>7.2 \u2013 Copias de seguridad y restauraci\u00f3n de la tienda<br>7.3 \u2013 Revisi\u00f3n de la versi\u00f3n PHP en el servidor<br>7.4 \u2013 Seguridad: detecci\u00f3n de virus y protecci\u00f3n contra ataques<\/p>\n\n\n\n<hr class=\"wp-block-separator has-alpha-channel-opacity\"\/>\n\n\n\n<h4 class=\"wp-block-heading\">M\u00f3dulo 8: Anal\u00edtica y conversi\u00f3n<\/h4>\n\n\n\n<p>8.1 \u2013 Integraci\u00f3n de Google Analytics y Google Search Console<br>8.2 \u2013 Estad\u00edsticas iniciales de WooCommerce: ventas, clientes y productos m\u00e1s vendidos<br>8.3 \u2013 Estrategias de marketing b\u00e1sicas: cupones, descuentos y productos relacionados<br>8.4 \u2013 Dise\u00f1o responsive: adaptar la tienda a m\u00f3viles, tabletas y ordenadores<\/p>\n\n\n\n<div class=\"wp-block-group has-global-padding is-content-justification-left is-layout-constrained wp-container-core-group-is-layout-50798d3f wp-block-group-is-layout-constrained\" style=\"padding-right:var(--wp--preset--spacing--20);padding-left:0\">\n<div style=\"height:54px\" aria-hidden=\"true\" class=\"wp-block-spacer\"><\/div>\n\n\n\n<p class=\"wp-container-content-0733e5d0\">Plazas limitadas de 5 personas<\/p>\n\n\n\n<div class=\"wp-block-buttons is-layout-flex wp-block-buttons-is-layout-flex\">\n<div class=\"wp-block-button is-style-outline is-style-outline--1\"><a class=\"wp-block-button__link has-contrast-color has-contrast-3-background-color has-text-color has-background has-link-color wp-element-button\" href=\"https:\/\/estudillimona.com\/cursos\/wordpress\/mallorca-contacto\/\">Reserva tu plaza<\/a><\/div>\n<\/div>\n<\/div>\n<\/div>\n<\/div>\n<\/div>\n\n\n\n<div class=\"wp-block-group alignfull is-style-surface has-base-color has-contrast-background-color has-text-color has-background has-link-color wp-elements-3257124b8fdffb76ed852de1637db70b has-global-padding is-layout-constrained wp-container-core-group-is-layout-afb17728 wp-block-group-is-layout-constrained\" style=\"margin-top:0;margin-bottom:0;padding-top:var(--wp--preset--spacing--50);padding-bottom:var(--wp--preset--spacing--50)\">\n<h2 class=\"wp-block-heading alignwide has-text-align-left has-base-color has-text-color has-link-color wp-elements-b6f0b0aaeb6ce71b3d3c97a29e05511a\" style=\"font-size:clamp(2.629rem, 2.629rem + ((1vw - 0.2rem) * 3.952), 5rem);line-height:1\">Pr\u00e1ctica final<\/h2>\n\n\n\n<p><strong>Saldr\u00e1s del curso con tu propia <\/strong>tienda online. Ese es nuestro compromiso.<\/p>\n\n\n\n<p>Eso s\u00ed, requiere de trabajo por tu parte, dedicarle algo de tiempo fuera de las clases. <\/p>\n\n\n\n<p><strong>Cada participante realizar\u00e1 una pr\u00e1ctica que le permitir\u00e1 desarrollar&nbsp;su tienda online.&nbsp;<\/strong>&nbsp;Realizar\u00e1 la edici\u00f3n y subida inicial de contenidos. El \u00faltimo d\u00eda se dedicar\u00e1 una parte a resolver todo tipo de dudas en la realizaci\u00f3n de la pr\u00e1ctica y mostrar el resultado final que se publicar\u00e1n en una secci\u00f3n especial de Estudi Llimona dedicada a los resultados del alumnado.<\/p>\n\n\n\n<p>Se realizan tambi\u00e9n <strong>clases individuales<\/strong>.<\/p>\n<\/div>\n\n\n\n<div class=\"wp-block-group alignfull is-style-surface has-contrast-color has-accent-5-background-color has-text-color has-background has-link-color wp-elements-d3022fe6380f3776a144bfa67cdc2bd6 has-global-padding is-layout-constrained wp-container-core-group-is-layout-afb17728 wp-block-group-is-layout-constrained\" style=\"margin-top:0;margin-bottom:0;padding-top:var(--wp--preset--spacing--50);padding-bottom:var(--wp--preset--spacing--50)\">\n<h2 class=\"wp-block-heading alignwide has-text-align-left has-contrast-color has-text-color has-link-color wp-elements-40c50fdcbe896b02f627f4abf83068d0\" style=\"font-size:clamp(2.629rem, 2.629rem + ((1vw - 0.2rem) * 3.952), 5rem);line-height:1\">Precio y horarios<\/h2>\n\n\n\n<p class=\"has-contrast-color has-text-color has-link-color wp-elements-871f8dfa7a28b040f79adf6e7162d395\">El precio del Workshop es de 900 \u20ac. El taller tendr\u00e1 una duraci\u00f3n de<strong>\u00a020 horas repartidas en 6\u00a0d\u00edas<\/strong> <strong>por la tarde <\/strong>durante un mes + asesoramiento durante todo el tiempo que dure el curso un mes adicional. De esta manera podr\u00e9 ayudarte y asesorarte con todas tus dudas.<\/p>\n\n\n\n<p>El alumno o la alumna necesitar\u00e1 de un servidor y dominio propio. No est\u00e1 incluido el precio de la plantilla que suele ser de aproximadamente 70\u202f\u20ac.<\/p>\n<\/div>\n\n\n\n<div class=\"wp-block-cover alignfull is-light has-contrast-3-color has-text-color has-link-color wp-elements-469c6e454e873cb85c82228832da0795 wp-duotone-unset-3\" style=\"margin-top:0;padding-top:4vw;padding-right:4vw;padding-bottom:4vw;padding-left:4vw\"><span aria-hidden=\"true\" class=\"wp-block-cover__background has-contrast-3-background-color has-background-dim-0 has-background-dim\"><\/span><div class=\"wp-block-cover__inner-container is-layout-flow wp-block-cover-is-layout-flow\">\n<div class=\"wp-block-group alignwide wp-container-content-9cfa9a5a has-global-padding is-layout-constrained wp-container-core-group-is-layout-e555385e wp-block-group-is-layout-constrained\">\n<h2 class=\"wp-block-heading alignwide has-text-align-left\" style=\"font-size:clamp(42.068px, 2.629rem + ((1vw - 3.2px) * 3.951), 80px);line-height:1.0\">Haz tu reserva<\/h2>\n\n\n\n<div style=\"height:24px;width:0px\" aria-hidden=\"true\" class=\"wp-block-spacer\"><\/div>\n\n\n\n<p class=\"has-text-align-left\" style=\"font-size:18px\"><strong>Selecciona alguno de nuestros  cursos y nos pondremos en contacto.<\/strong><\/p>\n\n\n\n<p style=\"font-size:18px\">Plazas limitadas a 5 personas.<\/p>\n<\/div>\n\n\n\n<div class=\"wp-block-group has-contrast-color has-text-color has-link-color wp-elements-67f42271b66b71eb42009f30215da68e is-vertical is-content-justification-center is-nowrap is-layout-flex wp-container-core-group-is-layout-576e7c71 wp-block-group-is-layout-flex\" style=\"padding-top:var(--wp--preset--spacing--10);padding-bottom:var(--wp--preset--spacing--10)\"><div class=\"cfcf7-block-container\"><div style=\"--cfcf7-block-bg:#A4A4A4; --cfcf7-block-line-height:1.4em; --cfcf7-block-font-size:16px; --cfcf7-block-padding-top:2em; --cfcf7-block-padding-sides:2.8em; --cfcf7-block-padding-bottom:2em; --cfcf7-block-margin-top:0em; --cfcf7-block-margin-sides:0em; --cfcf7-block-margin-bottom:0em; --cfcf7-block-radius:0em; --cfcf7-block-radius-top-left:0em; --cfcf7-block-radius-top-right:0em; --cfcf7-block-radius-bottom-left:0em; --cfcf7-block-radius-bottom-right:0em; --cfcf7-block-shadow:none; --cfcf7-block-border-style:none; --cfcf7-block-border-width:0; --cfcf7-block-border-color:black; background-color:var(--cfcf7-block-bg); line-height:var(--cfcf7-block-line-height) !important; font-size:var(--cfcf7-block-font-size); padding-top:var(--cfcf7-block-padding-top); padding-left:var(--cfcf7-block-padding-sides); padding-right:var(--cfcf7-block-padding-sides); padding-bottom:var(--cfcf7-block-padding-bottom); margin-top:var(--cfcf7-block-margin-top); margin-left:var(--cfcf7-block-margin-sides); margin-right:var(--cfcf7-block-margin-sides); margin-bottom:var(--cfcf7-block-margin-bottom); border-top-left-radius:var(--cfcf7-block-radius-top-left, var(--cfcf7-block-radius, 0)); border-top-right-radius:var(--cfcf7-block-radius-top-right, var(--cfcf7-block-radius, 0)); border-bottom-left-radius:var(--cfcf7-block-radius-bottom-left, var(--cfcf7-block-radius, 0)); border-bottom-right-radius:var(--cfcf7-block-radius-bottom-right, var(--cfcf7-block-radius, 0)); box-shadow:var(--cfcf7-block-shadow); border-style:var(--cfcf7-block-border-style); border-width:var(--cfcf7-block-border-width); border-color:var(--cfcf7-block-border-color);\" class=\"cfcf7-block cfcf7-instance-2 xs-ml-0 xs-mr-0 wp-block-mofistudio-customizer-block-cf7\">\n<div class=\"wpcf7 no-js\" id=\"wpcf7-f24-o1\" lang=\"en-US\" dir=\"ltr\" data-wpcf7-id=\"24\">\n<div class=\"screen-reader-response\"><p role=\"status\" aria-live=\"polite\" aria-atomic=\"true\"><\/p> <ul><\/ul><\/div>\n<form action=\"\/cursos\/wordpress\/wp-json\/wp\/v2\/pages\/223#wpcf7-f24-o1\" method=\"post\" class=\"wpcf7-form init\" aria-label=\"Contact form\" novalidate=\"novalidate\" data-status=\"init\">\n<fieldset class=\"hidden-fields-container\"><input type=\"hidden\" name=\"_wpcf7\" value=\"24\" \/><input type=\"hidden\" name=\"_wpcf7_version\" value=\"6.1.5\" \/><input type=\"hidden\" name=\"_wpcf7_locale\" value=\"en_US\" \/><input type=\"hidden\" name=\"_wpcf7_unit_tag\" value=\"wpcf7-f24-o1\" \/><input type=\"hidden\" name=\"_wpcf7_container_post\" value=\"0\" \/><input type=\"hidden\" name=\"_wpcf7_posted_data_hash\" value=\"\" \/><input type=\"hidden\" name=\"_wpcf7_recaptcha_response\" value=\"\" \/>\n<\/fieldset>\n<p><label> Nombre *<br \/>\n<span class=\"wpcf7-form-control-wrap\" data-name=\"your-name\"><input size=\"40\" maxlength=\"400\" class=\"wpcf7-form-control wpcf7-text wpcf7-validates-as-required\" aria-required=\"true\" aria-invalid=\"false\" value=\"\" type=\"text\" name=\"your-name\" \/><\/span><\/label><br \/>\n<label> Apellido *<br \/>\n<span class=\"wpcf7-form-control-wrap\" data-name=\"apellido\"><input size=\"40\" maxlength=\"400\" class=\"wpcf7-form-control wpcf7-text wpcf7-validates-as-required\" aria-required=\"true\" aria-invalid=\"false\" value=\"\" type=\"text\" name=\"apellido\" \/><\/span><\/label><br \/>\n<label> Email*<br \/>\n<span class=\"wpcf7-form-control-wrap\" data-name=\"your-email\"><input size=\"40\" maxlength=\"400\" class=\"wpcf7-form-control wpcf7-email wpcf7-validates-as-required wpcf7-text wpcf7-validates-as-email\" aria-required=\"true\" aria-invalid=\"false\" value=\"\" type=\"email\" name=\"your-email\" \/><\/span><br \/>\n<\/label><br \/>\n<label> M\u00f3vil*<br \/>\n<span class=\"wpcf7-form-control-wrap\" data-name=\"your-phone\"><input size=\"40\" maxlength=\"400\" class=\"wpcf7-form-control wpcf7-text wpcf7-validates-as-required\" aria-required=\"true\" aria-invalid=\"false\" value=\"\" type=\"text\" name=\"your-phone\" \/><\/span><br \/>\n<\/label>\n<\/p>\n<h2 class=\"has-base-color\">\u00bfQu\u00e9 curso te interesa?\n<\/h2>\n<p><span class=\"wpcf7-form-control-wrap\" data-name=\"checkbox-695\"><span class=\"wpcf7-form-control wpcf7-checkbox\"><span class=\"wpcf7-list-item first\"><label><input type=\"checkbox\" name=\"checkbox-695[]\" value=\"0\u2013 Base: Aprende a hacer tu Porfolio\" \/><span class=\"wpcf7-list-item-label\">0\u2013 Base: Aprende a hacer tu Porfolio<\/span><\/label><\/span><span class=\"wpcf7-list-item\"><label><input type=\"checkbox\" name=\"checkbox-695[]\" value=\"1\u2013 Inicial: Haz una web corporativa\" \/><span class=\"wpcf7-list-item-label\">1\u2013 Inicial: Haz una web corporativa<\/span><\/label><\/span><span class=\"wpcf7-list-item last\"><label><input type=\"checkbox\" name=\"checkbox-695[]\" value=\"2\u2013 Avanzado Curso de Woocommerce (Tienda online)\" \/><span class=\"wpcf7-list-item-label\">2\u2013 Avanzado Curso de Woocommerce (Tienda online)<\/span><\/label><\/span><\/span><\/span>\n<\/p>\n<p><label><br \/>\n<span class=\"wpcf7-form-control-wrap\" data-name=\"your-message\"><textarea cols=\"40\" rows=\"10\" maxlength=\"2000\" class=\"wpcf7-form-control wpcf7-textarea\" aria-invalid=\"false\" placeholder=\"Cu\u00e9ntanos tu motivaci\u00f3n para hacer este curso\" name=\"your-message\"><\/textarea><\/span><br \/>\n<\/label>\n<\/p>\n<p><span class=\"wpcf7-form-control-wrap\" data-name=\"acceptance-182\"><span class=\"wpcf7-form-control wpcf7-acceptance\"><span class=\"wpcf7-list-item\"><input type=\"checkbox\" name=\"acceptance-182\" value=\"1\" aria-invalid=\"false\" \/><\/span><\/span><\/span> He le\u00eddo y acepto las condiciones y t\u00e9rminos de <a href=\"https:\/\/www.estudillimona.com\/politica-de-privacidad\/\" target=\"_blank\">Privacidad <\/a> y Protecci\u00f3n de Datos.\n<\/p>\n<p>* Campos obligatorios\n<\/p>\n<p><input class=\"wpcf7-form-control wpcf7-submit has-spinner btn-big\" type=\"submit\" value=\"Solicitar reserva\" \/>\n<\/p><div class=\"wpcf7-response-output\" aria-hidden=\"true\"><\/div>\n<\/form>\n<\/div>\n<\/div><\/div><\/div>\n<\/div><\/div>\n","protected":false},"excerpt":{"rendered":"<p>Aprender\u00e1s a hacer una tienda online sencilla, con todo preparado para poder vender, enviar productos y generar facturas. En este curso&nbsp;de WordPress que impartiremos en C\u00f3modo&amp;Co Arxiduc, Palma,&nbsp;se trabajar\u00e1 sobre c\u00f3mo montar una tienda online utilizando WooCommerce. Podr\u00e1s vender tus productos utilizando PayPal o tarjetas de cr\u00e9dito a trav\u00e9s de Stripe. Dirigido a profesionales y\/o [&hellip;]<\/p>\n","protected":false},"author":1,"featured_media":0,"parent":0,"menu_order":11,"comment_status":"closed","ping_status":"closed","template":"page-no-title","meta":{"advgb_blocks_editor_width":"","advgb_blocks_columns_visual_guide":"","footnotes":""},"class_list":["post-223","page","type-page","status-publish","hentry"],"coauthors":[],"author_meta":{"author_link":"https:\/\/estudillimona.com\/cursos\/wordpress\/author\/dimecris\/","display_name":"dimecris"},"relative_dates":{"created":"Publicado 10 a\u00f1os hace","modified":"Actualizado 4 meses hace"},"absolute_dates":{"created":"Publicado el 03.08.2016","modified":"Actualizado el 01.12.2026"},"absolute_dates_time":{"created":"Publicado el 03.08.2016 12:20","modified":"Actualizado el 01.12.2026 11:59"},"featured_img_caption":"","featured_img":false,"series_order":"","_links":{"self":[{"href":"https:\/\/estudillimona.com\/cursos\/wordpress\/wp-json\/wp\/v2\/pages\/223","targetHints":{"allow":["GET"]}}],"collection":[{"href":"https:\/\/estudillimona.com\/cursos\/wordpress\/wp-json\/wp\/v2\/pages"}],"about":[{"href":"https:\/\/estudillimona.com\/cursos\/wordpress\/wp-json\/wp\/v2\/types\/page"}],"author":[{"embeddable":true,"href":"https:\/\/estudillimona.com\/cursos\/wordpress\/wp-json\/wp\/v2\/users\/1"}],"replies":[{"embeddable":true,"href":"https:\/\/estudillimona.com\/cursos\/wordpress\/wp-json\/wp\/v2\/comments?post=223"}],"version-history":[{"count":77,"href":"https:\/\/estudillimona.com\/cursos\/wordpress\/wp-json\/wp\/v2\/pages\/223\/revisions"}],"predecessor-version":[{"id":1525,"href":"https:\/\/estudillimona.com\/cursos\/wordpress\/wp-json\/wp\/v2\/pages\/223\/revisions\/1525"}],"wp:attachment":[{"href":"https:\/\/estudillimona.com\/cursos\/wordpress\/wp-json\/wp\/v2\/media?parent=223"}],"curies":[{"name":"wp","href":"https:\/\/api.w.org\/{rel}","templated":true}]}}